{"id":77,"date":"2017-09-20T08:12:56","date_gmt":"2017-09-20T08:12:56","guid":{"rendered":"http:\/\/www.uapovoense.net\/web\/?page_id=77"},"modified":"2017-09-20T11:19:30","modified_gmt":"2017-09-20T11:19:30","slug":"modalidades","status":"publish","type":"page","link":"https:\/\/www.uapovoense.net\/web\/modalidades\/","title":{"rendered":"Modalidades"},"content":{"rendered":"<p>Na Uni\u00e3o Atl\u00e9tico Povoense praticam-se as seguintes modalidades :<\/p>\n<ul>\n<li>Futebol<\/li>\n<li>Futebol Forma\u00e7\u00e3o (masculino\/feminino)<\/li>\n<li>Futsal Feminino<\/li>\n<li>Futsal Forma\u00e7\u00e3o (masculino\/feminino)<\/li>\n<li>Atletismo<\/li>\n<li>Nata\u00e7\u00e3o<\/li>\n<li>Karat\u00e9<\/li>\n<li>Gin\u00e1stica Desportiva<\/li>\n<li>Zumba<\/li>\n<\/ul>\n<p>Escal\u00f5es Futebol<\/p>\n<ul>\n<li>Seniores<\/li>\n<li>Juniores A<\/li>\n<li>Juniores B (Juv.)<\/li>\n<li>Juniores C (Ini.)<\/li>\n<li>Juniores D (Inf.)<\/li>\n<li>Juniores E (Benj.)<\/li>\n<\/ul>\n","protected":false},"excerpt":{"rendered":"<p>Na Uni\u00e3o Atl\u00e9tico Povoense praticam-se as seguintes modalidades : Futebol Futebol Forma\u00e7\u00e3o (masculino\/feminino) Futsal Feminino Futsal Forma\u00e7\u00e3o (masculino\/feminino) Atletismo Nata\u00e7\u00e3o Karat\u00e9 Gin\u00e1stica Desportiva Zumba Escal\u00f5es Futebol Seniores Juniores A Juniores B (Juv.) Juniores C (Ini.) Juniores D (Inf.) Juniores E (Benj.)<\/p>\n","protected":false},"author":1,"featured_media":0,"parent":0,"menu_order":4,"comment_status":"closed","ping_status":"closed","template":"","meta":{"footnotes":""},"class_list":["post-77","page","type-page","status-publish","hentry"],"_links":{"self":[{"href":"https:\/\/www.uapovoense.net\/web\/wp-json\/wp\/v2\/pages\/77","targetHints":{"allow":["GET"]}}],"collection":[{"href":"https:\/\/www.uapovoense.net\/web\/wp-json\/wp\/v2\/pages"}],"about":[{"href":"https:\/\/www.uapovoense.net\/web\/wp-json\/wp\/v2\/types\/page"}],"author":[{"embeddable":true,"href":"https:\/\/www.uapovoense.net\/web\/wp-json\/wp\/v2\/users\/1"}],"replies":[{"embeddable":true,"href":"https:\/\/www.uapovoense.net\/web\/wp-json\/wp\/v2\/comments?post=77"}],"version-history":[{"count":2,"href":"https:\/\/www.uapovoense.net\/web\/wp-json\/wp\/v2\/pages\/77\/revisions"}],"predecessor-version":[{"id":215,"href":"https:\/\/www.uapovoense.net\/web\/wp-json\/wp\/v2\/pages\/77\/revisions\/215"}],"wp:attachment":[{"href":"https:\/\/www.uapovoense.net\/web\/wp-json\/wp\/v2\/media?parent=77"}],"curies":[{"name":"wp","href":"https:\/\/api.w.org\/{rel}","templated":true}]}}