{"id":75,"date":"2017-09-20T08:12:16","date_gmt":"2017-09-20T08:12:16","guid":{"rendered":"http:\/\/www.uapovoense.net\/web\/?page_id=75"},"modified":"2017-09-20T11:18:20","modified_gmt":"2017-09-20T11:18:20","slug":"orgaos-sociais","status":"publish","type":"page","link":"https:\/\/www.uapovoense.net\/web\/orgaos-sociais\/","title":{"rendered":"\u00d3rg\u00e3os Sociais"},"content":{"rendered":"<ul>\n<li><strong>ASSEMBLEIA-GERAL<\/strong><br \/>\nPRESIDENTE : Rui Ribeiro Rei<br \/>\nVICE-PRESIDENTE : Jos\u00e9 Cerdeira da Costa<br \/>\n1\u00ba SECRET\u00c1RIO : Domingos Miranda Ramos<br \/>\n2\u00ba SECRET\u00c1RIO : Jos\u00e9 Manuel Resende Marques<\/li>\n<li><strong>DIREC\u00c7\u00c3O<\/strong><br \/>\nPRESIDENTE : Ant\u00f3nio Jos\u00e9 Monteiro Fonseca<br \/>\nVICE-PRESIDENTE : Alberto Carlos Santos Serra Ferreira<br \/>\nVICE-PRESIDENTE : Alfredo Cerdeira da Costa<br \/>\nSECRET\u00c1RIO-GERAL : Jo\u00e3o Ant\u00f3nio Pinto Silva Tito de Oliveira<br \/>\nSECRET\u00c1RIO ADJUNTO : Francisco Nunes da Silva Silva<br \/>\nSECRET\u00c1RIO ADJUNTO : Adelino Gra\u00e7a<br \/>\nSECRET\u00c1RIO ADJUNTO : Jos\u00e9 Manuel Pinto Xavier<br \/>\nTESOUREIRO : Paulo Jorge Martins Marques<br \/>\nTESOUREIRO ADJUNTO : Nuno Fernando Pereira Faustino<br \/>\nDIRECTOR DE CAMPO : Carlos Alberto Pereira Gaspar<br \/>\nVOGAL : Sandra de Moura Madeira<br \/>\nVOGAL : Paulo Alexandre Agostinho Ribeiro<br \/>\nVOGAL : Jo\u00e3o dos Santos Onofre<br \/>\nVOGAL SUPLENTE : Jo\u00e3o Ant\u00f3nio Fortunato Nabais<\/li>\n<li><strong>CONSELHO FISCAL<\/strong><br \/>\nPRESIDENTE : Jorge Santos<br \/>\nSECRET\u00c1RIO : Hugo Miguel Domingos Silva<br \/>\nRELATOR : Ant\u00f3nio Manuel Ferr\u00e3o Pedro<\/li>\n<\/ul>\n","protected":false},"excerpt":{"rendered":"<p>ASSEMBLEIA-GERAL PRESIDENTE : Rui Ribeiro Rei VICE-PRESIDENTE : Jos\u00e9 Cerdeira da Costa 1\u00ba SECRET\u00c1RIO : Domingos Miranda Ramos 2\u00ba SECRET\u00c1RIO : Jos\u00e9 Manuel Resende Marques DIREC\u00c7\u00c3O PRESIDENTE : Ant\u00f3nio Jos\u00e9 Monteiro Fonseca VICE-PRESIDENTE : Alberto Carlos Santos Serra Ferreira VICE-PRESIDENTE : Alfredo Cerdeira da Costa SECRET\u00c1RIO-GERAL : Jo\u00e3o Ant\u00f3nio Pinto Silva Tito de Oliveira SECRET\u00c1RIO [&hellip;]<\/p>\n","protected":false},"author":1,"featured_media":0,"parent":0,"menu_order":3,"comment_status":"closed","ping_status":"closed","template":"","meta":{"footnotes":""},"class_list":["post-75","page","type-page","status-publish","hentry"],"_links":{"self":[{"href":"https:\/\/www.uapovoense.net\/web\/wp-json\/wp\/v2\/pages\/75","targetHints":{"allow":["GET"]}}],"collection":[{"href":"https:\/\/www.uapovoense.net\/web\/wp-json\/wp\/v2\/pages"}],"about":[{"href":"https:\/\/www.uapovoense.net\/web\/wp-json\/wp\/v2\/types\/page"}],"author":[{"embeddable":true,"href":"https:\/\/www.uapovoense.net\/web\/wp-json\/wp\/v2\/users\/1"}],"replies":[{"embeddable":true,"href":"https:\/\/www.uapovoense.net\/web\/wp-json\/wp\/v2\/comments?post=75"}],"version-history":[{"count":3,"href":"https:\/\/www.uapovoense.net\/web\/wp-json\/wp\/v2\/pages\/75\/revisions"}],"predecessor-version":[{"id":214,"href":"https:\/\/www.uapovoense.net\/web\/wp-json\/wp\/v2\/pages\/75\/revisions\/214"}],"wp:attachment":[{"href":"https:\/\/www.uapovoense.net\/web\/wp-json\/wp\/v2\/media?parent=75"}],"curies":[{"name":"wp","href":"https:\/\/api.w.org\/{rel}","templated":true}]}}