{"id":300,"date":"2018-01-22T16:01:24","date_gmt":"2018-01-22T16:01:24","guid":{"rendered":"http:\/\/www.uapovoense.net\/web\/?page_id=300"},"modified":"2018-01-22T16:01:24","modified_gmt":"2018-01-22T16:01:24","slug":"contactos","status":"publish","type":"page","link":"https:\/\/www.uapovoense.net\/web\/contactos\/","title":{"rendered":"Contactos"},"content":{"rendered":"<p>Contactos<\/p>\n<p>Uni\u00e3o Atl\u00e9tico Povoense<\/p>\n<p>Sede:<br \/>\nRua da Rep\u00fablica, 71\/75<br \/>\n2625-157 P\u00f3voa de Santa Iria<\/p>\n<p>Telefone: 219590187<\/p>\n<p>E-Mail : geral@uapovoense.net<\/p>\n<p>Secretaria:<br \/>\nP\u00e1tio \u00e0 Rua Joaquim Correia Bessa<br \/>\n2625-002 P\u00f3voa de Santa Iria<\/p>\n<p>Telefones: 219535720 \/ 936573053<br \/>\nFax: 219535729<\/p>\n","protected":false},"excerpt":{"rendered":"<p>Contactos Uni\u00e3o Atl\u00e9tico Povoense Sede: Rua da Rep\u00fablica, 71\/75 2625-157 P\u00f3voa de Santa Iria Telefone: 219590187 E-Mail : geral@uapovoense.net Secretaria: P\u00e1tio \u00e0 Rua Joaquim Correia Bessa 2625-002 P\u00f3voa de Santa Iria Telefones: 219535720 \/ 936573053 Fax: 219535729<\/p>\n","protected":false},"author":1,"featured_media":0,"parent":0,"menu_order":0,"comment_status":"closed","ping_status":"closed","template":"","meta":{"footnotes":""},"class_list":["post-300","page","type-page","status-publish","hentry"],"_links":{"self":[{"href":"https:\/\/www.uapovoense.net\/web\/wp-json\/wp\/v2\/pages\/300","targetHints":{"allow":["GET"]}}],"collection":[{"href":"https:\/\/www.uapovoense.net\/web\/wp-json\/wp\/v2\/pages"}],"about":[{"href":"https:\/\/www.uapovoense.net\/web\/wp-json\/wp\/v2\/types\/page"}],"author":[{"embeddable":true,"href":"https:\/\/www.uapovoense.net\/web\/wp-json\/wp\/v2\/users\/1"}],"replies":[{"embeddable":true,"href":"https:\/\/www.uapovoense.net\/web\/wp-json\/wp\/v2\/comments?post=300"}],"version-history":[{"count":1,"href":"https:\/\/www.uapovoense.net\/web\/wp-json\/wp\/v2\/pages\/300\/revisions"}],"predecessor-version":[{"id":301,"href":"https:\/\/www.uapovoense.net\/web\/wp-json\/wp\/v2\/pages\/300\/revisions\/301"}],"wp:attachment":[{"href":"https:\/\/www.uapovoense.net\/web\/wp-json\/wp\/v2\/media?parent=300"}],"curies":[{"name":"wp","href":"https:\/\/api.w.org\/{rel}","templated":true}]}}