{"id":101,"date":"2017-09-20T09:08:25","date_gmt":"2017-09-20T09:08:25","guid":{"rendered":"http:\/\/www.uapovoense.net\/web\/?page_id=101"},"modified":"2017-09-20T09:45:21","modified_gmt":"2017-09-20T09:45:21","slug":"infantis","status":"publish","type":"page","link":"https:\/\/www.uapovoense.net\/web\/equipas\/infantis\/","title":{"rendered":"Infantis"},"content":{"rendered":"<p><strong>CLASSIFICA\u00c7\u00c3O CAMPEONATO INFANTIS<\/strong><\/p>\n<div class=\"sportspress sp-widget-align-none\"><div class=\"sp-template sp-template-league-table\">\n\t<div class=\"sp-table-wrapper\"><table class=\"sp-league-table sp-league-table-59 sp-data-table sp-sortable-table sp-scrollable-table sp-paginated-table\" data-sp-rows=\"10\"><thead><tr><th class=\"data-rank\">Posicao <\/th><th class=\"data-name\">Clube<\/th><th class=\"data-p\">P<\/th><th class=\"data-w\">W<\/th><th class=\"data-d\">D<\/th><th class=\"data-l\">L<\/th><th class=\"data-f\">F<\/th><th class=\"data-a\">A<\/th><th class=\"data-gd\">GD<\/th><th class=\"data-pts\">Pts<\/th><\/tr><\/thead><tbody><tr class=\"odd sp-row-no-0\"><td class=\"data-rank\" data-label=\"Posicao \">1<\/td><td class=\"data-name\" data-label=\"Clube\">Benfica Infantis<\/td><td class=\"data-p\" data-label=\"P\">0<\/td><td class=\"data-w\" data-label=\"W\">0<\/td><td class=\"data-d\" data-label=\"D\">0<\/td><td class=\"data-l\" data-label=\"L\">0<\/td><td class=\"data-f\" data-label=\"F\">0<\/td><td class=\"data-a\" data-label=\"A\">0<\/td><td class=\"data-gd\" data-label=\"GD\">0<\/td><td class=\"data-pts\" data-label=\"Pts\">0<\/td><\/tr><tr class=\"even sp-row-no-1\"><td class=\"data-rank\" data-label=\"Posicao \">1<\/td><td class=\"data-name\" data-label=\"Clube\">Bluebirds<\/td><td class=\"data-p\" data-label=\"P\">0<\/td><td class=\"data-w\" data-label=\"W\">0<\/td><td class=\"data-d\" data-label=\"D\">0<\/td><td class=\"data-l\" data-label=\"L\">0<\/td><td class=\"data-f\" data-label=\"F\">0<\/td><td class=\"data-a\" data-label=\"A\">0<\/td><td class=\"data-gd\" data-label=\"GD\">0<\/td><td class=\"data-pts\" data-label=\"Pts\">0<\/td><\/tr><tr class=\"odd sp-row-no-2\"><td class=\"data-rank\" data-label=\"Posicao \">1<\/td><td class=\"data-name\" data-label=\"Clube\">Eagles<\/td><td class=\"data-p\" data-label=\"P\">0<\/td><td class=\"data-w\" data-label=\"W\">0<\/td><td class=\"data-d\" data-label=\"D\">0<\/td><td class=\"data-l\" data-label=\"L\">0<\/td><td class=\"data-f\" data-label=\"F\">0<\/td><td class=\"data-a\" data-label=\"A\">0<\/td><td class=\"data-gd\" data-label=\"GD\">0<\/td><td class=\"data-pts\" data-label=\"Pts\">0<\/td><\/tr><tr class=\"even sp-row-no-3\"><td class=\"data-rank\" data-label=\"Posicao \">1<\/td><td class=\"data-name\" data-label=\"Clube\">Kangaroos<\/td><td class=\"data-p\" data-label=\"P\">0<\/td><td class=\"data-w\" data-label=\"W\">0<\/td><td class=\"data-d\" data-label=\"D\">0<\/td><td class=\"data-l\" data-label=\"L\">0<\/td><td class=\"data-f\" data-label=\"F\">0<\/td><td class=\"data-a\" data-label=\"A\">0<\/td><td class=\"data-gd\" data-label=\"GD\">0<\/td><td class=\"data-pts\" data-label=\"Pts\">0<\/td><\/tr><tr class=\"odd sp-row-no-4\"><td class=\"data-rank\" data-label=\"Posicao \">1<\/td><td class=\"data-name\" data-label=\"Clube\">Sporting Infantis<\/td><td class=\"data-p\" data-label=\"P\">0<\/td><td class=\"data-w\" data-label=\"W\">0<\/td><td class=\"data-d\" data-label=\"D\">0<\/td><td class=\"data-l\" data-label=\"L\">0<\/td><td class=\"data-f\" data-label=\"F\">0<\/td><td class=\"data-a\" data-label=\"A\">0<\/td><td class=\"data-gd\" data-label=\"GD\">0<\/td><td class=\"data-pts\" data-label=\"Pts\">0<\/td><\/tr><\/tbody><\/table><\/div><div class=\"sp-league-table-link sp-view-all-link\"><a href=\"https:\/\/www.uapovoense.net\/web\/table\/tabelas-de-liga\/\">View full table<\/a><\/div><\/div>\n<\/div>\n<hr>\n<p><strong>CALEND\u00c1RIO DE JOGOS<\/strong><\/p>\n<div class=\"sportspress sp-widget-align-none\"><div class=\"sp-template sp-template-event-list\">\n\t\t<div class=\"sp-table-wrapper\">\n\t\t<table class=\"sp-event-list sp-event-list-format-title sp-data-table\n\t\t\t\t\t\t\t\t\t\t\t\t\t\t\t\t\t\t\t\t sp-paginated-table\n\t\t\t\t\t\t\t\t\t\t\t\t\t\t\t\t\t\t \t\t\t sp-sortable-table\n\t\t\t\t\t\t\t\t\t\t\t\t\t\t\t\t\t\t \t\t\t\t\t\t\t\t\t\t\t\t\t sp-scrollable-table \" data-sp-rows=\"10\">\n\t\t\t<thead>\n\t\t\t\t<tr>\n\t\t\t\t\t<th class=\"data-date\">Data<\/th><th class=\"data-event\">Match<\/th><th class=\"data-time\">Time\/Results<\/th><th class=\"data-league\">League<\/th><th class=\"data-season\">\u00c9poca<\/th><th class=\"data-venue\">Ground<\/th><th class=\"data-article\">Artigo<\/th>\t\t\t\t<\/tr>\n\t\t\t<\/thead>\n\t\t\t<tbody>\n\t\t\t\t\t\t\t<\/tbody>\n\t\t<\/table>\n\t<\/div>\n\t<\/div>\n<\/div>\n<p>&nbsp;<\/p>\n","protected":false},"excerpt":{"rendered":"<p>CLASSIFICA\u00c7\u00c3O CAMPEONATO INFANTIS CALEND\u00c1RIO DE JOGOS &nbsp;<\/p>\n","protected":false},"author":1,"featured_media":0,"parent":108,"menu_order":0,"comment_status":"closed","ping_status":"closed","template":"","meta":{"footnotes":""},"class_list":["post-101","page","type-page","status-publish","hentry"],"_links":{"self":[{"href":"https:\/\/www.uapovoense.net\/web\/wp-json\/wp\/v2\/pages\/101","targetHints":{"allow":["GET"]}}],"collection":[{"href":"https:\/\/www.uapovoense.net\/web\/wp-json\/wp\/v2\/pages"}],"about":[{"href":"https:\/\/www.uapovoense.net\/web\/wp-json\/wp\/v2\/types\/page"}],"author":[{"embeddable":true,"href":"https:\/\/www.uapovoense.net\/web\/wp-json\/wp\/v2\/users\/1"}],"replies":[{"embeddable":true,"href":"https:\/\/www.uapovoense.net\/web\/wp-json\/wp\/v2\/comments?post=101"}],"version-history":[{"count":13,"href":"https:\/\/www.uapovoense.net\/web\/wp-json\/wp\/v2\/pages\/101\/revisions"}],"predecessor-version":[{"id":128,"href":"https:\/\/www.uapovoense.net\/web\/wp-json\/wp\/v2\/pages\/101\/revisions\/128"}],"up":[{"embeddable":true,"href":"https:\/\/www.uapovoense.net\/web\/wp-json\/wp\/v2\/pages\/108"}],"wp:attachment":[{"href":"https:\/\/www.uapovoense.net\/web\/wp-json\/wp\/v2\/media?parent=101"}],"curies":[{"name":"wp","href":"https:\/\/api.w.org\/{rel}","templated":true}]}}